{"id":329,"date":"2021-02-05T06:22:48","date_gmt":"2021-02-05T06:22:48","guid":{"rendered":"http:\/\/khachhang2.web3b.com\/aphanam\/?page_id=329"},"modified":"2024-03-27T11:08:22","modified_gmt":"2024-03-27T04:08:22","slug":"tuyen-dung","status":"publish","type":"page","link":"https:\/\/momota.com.vn\/?page_id=329","title":{"rendered":"Tuy\u1ec3n d\u1ee5ng"},"content":{"rendered":"","protected":false},"excerpt":{"rendered":"","protected":false},"author":1,"featured_media":0,"parent":0,"menu_order":0,"comment_status":"closed","ping_status":"closed","template":"page-recruitment.php","meta":{"footnotes":""},"yoast_head":"<!-- This site is optimized with the Yoast SEO plugin v15.6.2 - https:\/\/yoast.com\/wordpress\/plugins\/seo\/ -->\n<title>Tuy\u1ec3n d\u1ee5ng - C\u00d4NG TY C\u1ed4 PH\u1ea6N C\u00d4NG TR\u00ccNH GIAO TH\u00d4NG 118 \u2013 MOMOTA<\/title>\n<meta name=\"robots\" content=\"noindex, follow, max-snippet:-1, max-image-preview:large, max-video-preview:-1\" \/>\n<meta property=\"og:locale\" content=\"vi_VN\" \/>\n<meta property=\"og:type\" content=\"article\" \/>\n<meta property=\"og:title\" content=\"Tuy\u1ec3n d\u1ee5ng - C\u00d4NG TY C\u1ed4 PH\u1ea6N C\u00d4NG TR\u00ccNH GIAO TH\u00d4NG 118 \u2013 MOMOTA\" \/>\n<meta property=\"og:url\" content=\"https:\/\/momota.com.vn\/?page_id=329\" \/>\n<meta property=\"og:site_name\" content=\"C\u00d4NG TY C\u1ed4 PH\u1ea6N C\u00d4NG TR\u00ccNH GIAO TH\u00d4NG 118 \u2013 MOMOTA\" \/>\n<meta property=\"article:modified_time\" content=\"2024-03-27T04:08:22+00:00\" \/>\n<meta name=\"twitter:card\" content=\"summary_large_image\" \/>\n<script type=\"application\/ld+json\" class=\"yoast-schema-graph\">{\"@context\":\"https:\/\/schema.org\",\"@graph\":[{\"@type\":\"WebSite\",\"@id\":\"https:\/\/momota.com.vn\/#website\",\"url\":\"https:\/\/momota.com.vn\/\",\"name\":\"C\\u00d4NG TY C\\u1ed4 PH\\u1ea6N C\\u00d4NG TR\\u00ccNH GIAO TH\\u00d4NG 118 \\u2013 MOMOTA\",\"description\":\"C\\u00d4NG TY C\\u1ed4 PH\\u1ea6N C\\u00d4NG TR\\u00ccNH GIAO TH\\u00d4NG 118 \\u2013 MOMOTA\",\"potentialAction\":[{\"@type\":\"SearchAction\",\"target\":\"https:\/\/momota.com.vn\/?s={search_term_string}\",\"query-input\":\"required name=search_term_string\"}],\"inLanguage\":\"vi\"},{\"@type\":\"WebPage\",\"@id\":\"https:\/\/momota.com.vn\/?page_id=329#webpage\",\"url\":\"https:\/\/momota.com.vn\/?page_id=329\",\"name\":\"Tuy\\u1ec3n d\\u1ee5ng - C\\u00d4NG TY C\\u1ed4 PH\\u1ea6N C\\u00d4NG TR\\u00ccNH GIAO TH\\u00d4NG 118 \\u2013 MOMOTA\",\"isPartOf\":{\"@id\":\"https:\/\/momota.com.vn\/#website\"},\"datePublished\":\"2021-02-05T06:22:48+00:00\",\"dateModified\":\"2024-03-27T04:08:22+00:00\",\"inLanguage\":\"vi\",\"potentialAction\":[{\"@type\":\"ReadAction\",\"target\":[\"https:\/\/momota.com.vn\/?page_id=329\"]}]}]}<\/script>\n<!-- \/ Yoast SEO plugin. -->","_links":{"self":[{"href":"https:\/\/momota.com.vn\/index.php?rest_route=\/wp\/v2\/pages\/329"}],"collection":[{"href":"https:\/\/momota.com.vn\/index.php?rest_route=\/wp\/v2\/pages"}],"about":[{"href":"https:\/\/momota.com.vn\/index.php?rest_route=\/wp\/v2\/types\/page"}],"author":[{"embeddable":true,"href":"https:\/\/momota.com.vn\/index.php?rest_route=\/wp\/v2\/users\/1"}],"replies":[{"embeddable":true,"href":"https:\/\/momota.com.vn\/index.php?rest_route=%2Fwp%2Fv2%2Fcomments&post=329"}],"version-history":[{"count":15,"href":"https:\/\/momota.com.vn\/index.php?rest_route=\/wp\/v2\/pages\/329\/revisions"}],"predecessor-version":[{"id":3315,"href":"https:\/\/momota.com.vn\/index.php?rest_route=\/wp\/v2\/pages\/329\/revisions\/3315"}],"wp:attachment":[{"href":"https:\/\/momota.com.vn\/index.php?rest_route=%2Fwp%2Fv2%2Fmedia&parent=329"}],"curies":[{"name":"wp","href":"https:\/\/api.w.org\/{rel}","templated":true}]}}